{"id":866,"date":"2024-02-19T08:01:22","date_gmt":"2024-02-19T07:01:22","guid":{"rendered":"https:\/\/www.ablife.it\/?page_id=866"},"modified":"2024-02-19T08:25:08","modified_gmt":"2024-02-19T07:25:08","slug":"arduino-nano-33-ble","status":"publish","type":"page","link":"https:\/\/www.ablife.it\/?page_id=866","title":{"rendered":"Arduino nano 33 BLE"},"content":{"rendered":"\n<p>) <\/p>\n\n\n\n<h2 class=\"wp-block-heading\">Accelerometro (risoluzione a 3 assi)<\/h2>\n\n\n\n<p><strong>Gli accelerometri misurano l&#8217;accelerazione solitamente dovuta al movimento<\/strong>. Quando sono in stato di quiete l&#8217;unica accelerazione che il sensore rileva \u00e8 quella di gravit\u00e0. Un accelerometro misura il cambio di velocit\u00e1 e non di quanto si \u00e9 spostato un oggetto<\/p>\n\n\n\n<p><\/p>\n\n\n\n<h2 class=\"wp-block-heading\">Giroscopio (risoluzione a 3 assi) <\/h2>\n\n\n\n<p><strong>Permette di leggere la velocit\u00e0 angolare e quindi calcolare la rotazione introno agli assi<\/strong><\/p>\n\n\n\n<p><\/p>\n\n\n\n<h2 class=\"wp-block-heading\">Magnetometro (risoluzione a 3 assi)<\/h2>\n\n\n\n<p>Il magnetometro\u00a0<strong>\u00e8 un sensore che esegue misurazioni del campo magnetico<\/strong>\u00a0ed \u00e8 parte integrante delle unit\u00e0 IMU (Inertial Measurement Unit). Il dispositivo necessita di essere calibrato poich\u00e9 la raccolta dei dati viene disturbata da campi magnetici indotti dalla struttura o dagli strumenti di bordo<\/p>\n","protected":false},"excerpt":{"rendered":"<p>) Accelerometro (risoluzione a 3 assi) Gli accelerometri misurano l&#8217;accelerazione solitamente dovuta al movimento. Quando sono in stato di quiete l&#8217;unica accelerazione che il sensore rileva \u00e8 quella di gravit\u00e0. Un accelerometro misura il cambio di velocit\u00e1 e non di quanto si \u00e9 spostato un oggetto Giroscopio (risoluzione a 3 assi) Permette di leggere la &hellip; <\/p>\n<p class=\"link-more\"><a href=\"https:\/\/www.ablife.it\/?page_id=866\" class=\"more-link\">Leggi tutto<span class=\"screen-reader-text\"> &#8220;Arduino nano 33 BLE&#8221;<\/span><\/a><\/p>\n","protected":false},"author":1,"featured_media":0,"parent":0,"menu_order":0,"comment_status":"closed","ping_status":"closed","template":"","meta":{"footnotes":""},"class_list":["post-866","page","type-page","status-publish","hentry"],"_links":{"self":[{"href":"https:\/\/www.ablife.it\/index.php?rest_route=\/wp\/v2\/pages\/866","targetHints":{"allow":["GET"]}}],"collection":[{"href":"https:\/\/www.ablife.it\/index.php?rest_route=\/wp\/v2\/pages"}],"about":[{"href":"https:\/\/www.ablife.it\/index.php?rest_route=\/wp\/v2\/types\/page"}],"author":[{"embeddable":true,"href":"https:\/\/www.ablife.it\/index.php?rest_route=\/wp\/v2\/users\/1"}],"replies":[{"embeddable":true,"href":"https:\/\/www.ablife.it\/index.php?rest_route=%2Fwp%2Fv2%2Fcomments&post=866"}],"version-history":[{"count":3,"href":"https:\/\/www.ablife.it\/index.php?rest_route=\/wp\/v2\/pages\/866\/revisions"}],"predecessor-version":[{"id":871,"href":"https:\/\/www.ablife.it\/index.php?rest_route=\/wp\/v2\/pages\/866\/revisions\/871"}],"wp:attachment":[{"href":"https:\/\/www.ablife.it\/index.php?rest_route=%2Fwp%2Fv2%2Fmedia&parent=866"}],"curies":[{"name":"wp","href":"https:\/\/api.w.org\/{rel}","templated":true}]}}