{"id":966,"date":"2024-06-21T14:03:57","date_gmt":"2024-06-21T12:03:57","guid":{"rendered":"https:\/\/www.ablife.it\/?page_id=966"},"modified":"2024-06-21T14:13:40","modified_gmt":"2024-06-21T12:13:40","slug":"training","status":"publish","type":"page","link":"https:\/\/www.ablife.it\/?page_id=966","title":{"rendered":"Training"},"content":{"rendered":"\n<p>Corsi disponibili in ambito professionale o volontariato<\/p>\n\n\n\n<ul class=\"wp-block-list\">\n<li>Training automazione (DCS DeltaV, DNA Valmet, PCS7 Siemens)<\/li>\n\n\n\n<li><a href=\"https:\/\/app.ablife.it\/scuola\/HamRadio\/index.html\" data-type=\"link\" data-id=\"https:\/\/app.ablife.it\/scuola\/HamRadio\/index.html\">Radiamatori<\/a><\/li>\n\n\n\n<li>Scuola pubblica (ITIS)<\/li>\n<\/ul>\n\n\n\n<h2 class=\"wp-block-heading\">BES, DSA, NAI: COSA SIGNIFICANO QUESTI ACRONIMI?<\/h2>\n\n\n\n<blockquote class=\"wp-block-quote is-layout-flow wp-block-quote-is-layout-flow\">\n<ul class=\"wp-block-list\">\n<li>BES<\/li>\n\n\n\n<li>Con questo acronimo si intendono tutti gli studenti con <strong>Bisogni Educativi Speciali<\/strong>, ossia in condizioni di difficolt\u00e0, transitoria o permanente, di natura fisica, psicologica o sociale. All\u2019interno di questo gruppo rientrano: studenti con disabilit\u00e0 motoria o cognitiva, riconosciuta dalla L.104\/92, studenti con Disturbi Specifici dell\u2019Apprendimento, altri disturbi evolutivi, disturbi del linguaggio e infine gli studenti con svantaggio socioeconomico, culturale e linguistico.<br>Gli alunni con BES sono individuati dalla scuola tramite: segnalazioni dei servizi sociali, diagnosi presentate dalla famiglia o considerazioni psicologiche e didattiche dei docenti.<\/li>\n<\/ul>\n<\/blockquote>\n\n\n\n<blockquote class=\"wp-block-quote is-layout-flow wp-block-quote-is-layout-flow\">\n<ul class=\"wp-block-list\">\n<li>DSA<\/li>\n\n\n\n<li>Con questo acronimo si intendono gli studenti con <strong>Disturbi Specifici dell\u2019Apprendimento<\/strong> (dislessia, disgrafia, disortografia e discalculia) ossia i disturbi determinati da disfunzioni neurobiologiche che interferiscono con il normale sviluppo delle abilit\u00e0 di apprendimento. Sono una condizione che non dipende da disabilit\u00e0 intellettive, sensoriali, mancanza di istruzione o altri fattori ambientali.<\/li>\n<\/ul>\n<\/blockquote>\n\n\n\n<blockquote class=\"wp-block-quote is-layout-flow wp-block-quote-is-layout-flow\">\n<ul class=\"wp-block-list\">\n<li>NAI<\/li>\n\n\n\n<li>Questo termine indica gli studenti <strong>NeoArrivati in Italia<\/strong>, che ancora non parlano la lingua italiana o la conoscono molto poco. Essi rientrano nel gruppo BES per i quali \u00e8 prevista una didattica personalizzata spesso in presenza di un mediatore interculturale.<\/li>\n<\/ul>\n<\/blockquote>\n\n\n\n<h2 class=\"wp-block-heading\">COSA SONO IL PEI E IL PDP?<\/h2>\n\n\n\n<p>Per ciascuno degli studenti sopra citati, a livello scolastico, sono richiesti due tipi di documenti:<\/p>\n\n\n\n<blockquote class=\"wp-block-quote is-layout-flow wp-block-quote-is-layout-flow\">\n<ul class=\"wp-block-list\">\n<li>PEI<\/li>\n\n\n\n<li>Il <strong>Piano Educativo Individualizzato<\/strong>, descrive gli interventi educativi e didattici previsti per quell\u2019alunno ed \u00e8 condiviso ed elaborato insieme alla famiglia e ai servizi sociosanitari che si occupano del ragazzo, esso \u00e8 previsto obbligatoriamente per gli alunni con disabilit\u00e0 riconosciuta dalla legge 104\/1992.<\/li>\n<\/ul>\n<\/blockquote>\n\n\n\n<blockquote class=\"wp-block-quote is-layout-flow wp-block-quote-is-layout-flow\">\n<ul class=\"wp-block-list\">\n<li>PDP<\/li>\n\n\n\n<li>\u00c8 il <strong>Piano Didattico Personalizzato<\/strong>, previsto obbligatoriamente per i ragazzi con DSA certificati, mentre se viene presentata solo la diagnosi senza certificazione la decisione di stilarlo o meno spetta alla scuola. Per gli altri casi di BES \u00e8 sempre la scuola che decide se redigere un PDP oppure no.<\/li>\n<\/ul>\n<\/blockquote>\n","protected":false},"excerpt":{"rendered":"<p>Corsi disponibili in ambito professionale o volontariato BES, DSA, NAI: COSA SIGNIFICANO QUESTI ACRONIMI? COSA SONO IL PEI E IL PDP? Per ciascuno degli studenti sopra citati, a livello scolastico, sono richiesti due tipi di documenti:<\/p>\n","protected":false},"author":1,"featured_media":0,"parent":0,"menu_order":0,"comment_status":"closed","ping_status":"closed","template":"","meta":{"footnotes":""},"class_list":["post-966","page","type-page","status-publish","hentry"],"_links":{"self":[{"href":"https:\/\/www.ablife.it\/index.php?rest_route=\/wp\/v2\/pages\/966","targetHints":{"allow":["GET"]}}],"collection":[{"href":"https:\/\/www.ablife.it\/index.php?rest_route=\/wp\/v2\/pages"}],"about":[{"href":"https:\/\/www.ablife.it\/index.php?rest_route=\/wp\/v2\/types\/page"}],"author":[{"embeddable":true,"href":"https:\/\/www.ablife.it\/index.php?rest_route=\/wp\/v2\/users\/1"}],"replies":[{"embeddable":true,"href":"https:\/\/www.ablife.it\/index.php?rest_route=%2Fwp%2Fv2%2Fcomments&post=966"}],"version-history":[{"count":4,"href":"https:\/\/www.ablife.it\/index.php?rest_route=\/wp\/v2\/pages\/966\/revisions"}],"predecessor-version":[{"id":973,"href":"https:\/\/www.ablife.it\/index.php?rest_route=\/wp\/v2\/pages\/966\/revisions\/973"}],"wp:attachment":[{"href":"https:\/\/www.ablife.it\/index.php?rest_route=%2Fwp%2Fv2%2Fmedia&parent=966"}],"curies":[{"name":"wp","href":"https:\/\/api.w.org\/{rel}","templated":true}]}}